{"id":4140,"date":"2021-06-21T14:10:33","date_gmt":"2021-06-21T14:10:33","guid":{"rendered":"https:\/\/skinsecrets.be\/?page_id=4140"},"modified":"2025-12-10T17:55:21","modified_gmt":"2025-12-10T17:55:21","slug":"about-skinsecrets","status":"publish","type":"page","link":"https:\/\/skinsecrets.be\/fr\/a-propos-de-skinsecrets\/","title":{"rendered":"\u00c0 propos de SkinSecrets"},"content":{"rendered":"<div  class=\"sec_row container-fluid\"><div class=\"vc_row wpb_row vc_row-fluid no-padding video-bg-row vc_custom_1624460234902 vc_row-has-fill vc_row-o-full-height vc_row-o-columns-stretch vc_row-o-equal-height vc_row-o-content-middle vc_row-flex\"><div class=\"wpb_column vc_column_container vc_col-sm-12 et-dark-column\"><div class=\"vc_column-inner\"><div class=\"wpb_wrapper\"><div class=\"vc_row wpb_row vc_inner vc_row-fluid vc_custom_1562734895463 vc_row-has-fill vc_row-o-equal-height vc_row-o-content-middle vc_row-flex\"><div class=\"wpb_column vc_column_container vc_col-sm-6 et-dark-column\"><div class=\"vc_column-inner  vc_custom_1562725835995\"><div class=\"wpb_wrapper\">\n\t<div class=\"wpb_text_column wpb_content_element animation bottom-to-top  vc_custom_1689230058773\" >\n\t\t<div class=\"wpb_wrapper\">\n\t\t\t<h1><\/h1>\n<blockquote><p>\n\"Le secret d'une belle peau commence \u00e0 l'int\u00e9rieur\".<\/p>\n<p>- Secrets de peau\n<\/p><\/blockquote>\n\n\t\t<\/div>\n\t<\/div>\n<\/div><\/div><\/div><\/div><\/div><\/div><\/div><\/div><\/div><div  class=\"sec_row container-fluid\"><div class=\"vc_row wpb_row vc_row-fluid no-padding vc_custom_1588128835660\"><div class=\"wpb_column vc_column_container vc_col-sm-12 et-dark-column\"><div class=\"vc_column-inner\"><div class=\"wpb_wrapper\"><div class=\"vc_row wpb_row vc_inner vc_row-fluid max_width align-center vc_row-o-content-middle vc_row-flex\"><div class=\"wpb_column vc_column_container animation left-to-right vc_col-sm-12 vc_col-md-7 et-dark-column\"><div class=\"vc_column-inner\"><div class=\"wpb_wrapper\"><div class=\"vc_empty_space\"   style=\"height: 50px\"><span class=\"vc_empty_space_inner\"><\/span><\/div>\t<div id=\"et-image-956\" class=\"et-image     et_image_link\">\n\t\t<div class=\"et-image-inner animation right-to-left\">\n\t\t\t\t\t\t\t<div class=\"et-image-thumb\">\n\t\t\t\t\t<img loading=\"lazy\" decoding=\"async\" width=\"1024\" height=\"1024\" src=\"https:\/\/skinsecrets.be\/wp-content\/uploads\/2021\/06\/about1-1024x1024.jpg\" class=\"attachment-large\" alt=\"\" srcset=\"https:\/\/skinsecrets.be\/wp-content\/uploads\/2021\/06\/about1-1024x1024.jpg 1024w, https:\/\/skinsecrets.be\/wp-content\/uploads\/2021\/06\/about1-300x300.jpg 300w, https:\/\/skinsecrets.be\/wp-content\/uploads\/2021\/06\/about1-150x150.jpg 150w, https:\/\/skinsecrets.be\/wp-content\/uploads\/2021\/06\/about1-768x768.jpg 768w, https:\/\/skinsecrets.be\/wp-content\/uploads\/2021\/06\/about1-1536x1536.jpg 1536w, https:\/\/skinsecrets.be\/wp-content\/uploads\/2021\/06\/about1-1320x1320.jpg 1320w, https:\/\/skinsecrets.be\/wp-content\/uploads\/2021\/06\/about1-450x450.jpg 450w, https:\/\/skinsecrets.be\/wp-content\/uploads\/2021\/06\/about1-900x900.jpg 900w, https:\/\/skinsecrets.be\/wp-content\/uploads\/2021\/06\/about1-100x100.jpg 100w, https:\/\/skinsecrets.be\/wp-content\/uploads\/2021\/06\/about1.jpg 2000w\" sizes=\"auto, (max-width: 1024px) 100vw, 1024px\" \/>\t\t\t\t<\/div>\n\t\t\t\t\t\t\t\t\t\t\t<\/div>\n\t<\/div>\n  <div class=\"vc_empty_space\"   style=\"height: 50px\"><span class=\"vc_empty_space_inner\"><\/span><\/div><\/div><\/div><\/div><div class=\"wpb_column vc_column_container animation right-to-left vc_col-sm-12 vc_col-md-5 et-dark-column\"><div class=\"vc_column-inner  vc_custom_1578532669392\"><div class=\"wpb_wrapper\">\n\t<div class=\"wpb_text_column wpb_content_element\" >\n\t\t<div class=\"wpb_wrapper\">\n\t\t\t<h5 class=\"fancy-title\">FONDATEUR<\/h5>\n<h2>Ma\u00eft\u00e9 Van Zele<\/h2>\n<p>Skin Secrets est synonyme de transparence, de qualit\u00e9 et de simplicit\u00e9. Pas de battage m\u00e9diatique, pas de promesses vides. Uniquement des produits bas\u00e9s sur la science et des ann\u00e9es d'utilisation personnelle.<\/p>\n<p>Nous pensons que la vraie beaut\u00e9 commence par ce que vous faites chaque jour et ce que votre corps re\u00e7oit de l'int\u00e9rieur.<\/p>\n<p>Notre mission est d'aider les femmes \u00e0 retrouver leur peau, leur confiance et leur \u00e9clat.<\/p>\n<p>Avec des formules pures. Avec une production locale. Avec des compl\u00e9ments qui font vraiment la diff\u00e9rence.<\/p>\n<p>De ma peau \u00e0 la v\u00f4tre - d\u00e9velopp\u00e9 avec amour en Belgique<\/p>\n<p>Ce qui \u00e9tait autrefois ma routine personnelle est aujourd'hui une marque enti\u00e8rement belge qui aide ses clients \u00e0 obtenir leur plus belle peau.<\/p>\n<p>Merci de faire partie de cette histoire.<\/p>\n<p>\u266a Let's glow together.<\/p>\n\n\t\t<\/div>\n\t<\/div>\n<\/div><\/div><\/div><\/div><\/div><\/div><\/div><\/div><\/div><div  class=\"sec_row container-fluid\"><div class=\"vc_row wpb_row vc_row-fluid no-padding vc_custom_1588129008197 vc_row-has-fill\"><div class=\"wpb_column vc_column_container vc_col-sm-12 et-dark-column\"><div class=\"vc_column-inner\"><div class=\"wpb_wrapper\"><div class=\"vc_row wpb_row vc_inner vc_row-fluid max_width align-center align-center vc_row-o-equal-height vc_row-flex\"><div class=\"wpb_column vc_column_container animation bottom-to-top vc_col-sm-12 vc_col-lg-5 et-dark-column\"><div class=\"vc_column-inner\"><div class=\"wpb_wrapper\">\n\t<div class=\"wpb_text_column wpb_content_element\" >\n\t\t<div class=\"wpb_wrapper\">\n\t\t\t<h5 class=\"fancy-title\" style=\"text-align: center;\">Est. 2021<\/h5>\n<h2 style=\"text-align: center;\">Mon histoire<\/h2>\n\n\t\t<\/div>\n\t<\/div>\n\n\t<div class=\"wpb_text_column wpb_content_element\" >\n\t\t<div class=\"wpb_wrapper\">\n\t\t\t<h4 style=\"text-align: center;\">N\u00e9s de la passion. Affin\u00e9s par l'exp\u00e9rience. Fabriqu\u00e9s en Belgique.<\/h4>\n\n\t\t<\/div>\n\t<\/div>\n<\/div><\/div><\/div><\/div><div class=\"vc_row wpb_row vc_inner vc_row-fluid max_width align-center align-center vc_row-o-equal-height vc_row-flex\"><div class=\"wpb_column vc_column_container animation bottom-to-top vc_col-sm-12 vc_col-lg-4 et-dark-column\"><div class=\"vc_column-inner\"><div class=\"wpb_wrapper\">\n\t<div class=\"wpb_text_column wpb_content_element\" >\n\t\t<div class=\"wpb_wrapper\">\n\t\t\t<p>En 2020, mon travail d'esth\u00e9ticienne a \u00e9t\u00e9 interrompu du jour au lendemain par une tornade. Les lumi\u00e8res du salon se sont \u00e9teintes, les rendez-vous ont cess\u00e9... mais ma passion pour l'am\u00e9lioration de la peau est rest\u00e9e forte, inchang\u00e9e.<\/p>\n<p>Bien que je ne puisse pas travailler, une chose est rest\u00e9e constante : ma routine personnelle.<\/p>\n<p>Depuis plus de 10 ans, je prenais quotidiennement de la poudre de collag\u00e8ne hydrolys\u00e9, bien avant qu'elle ne soit connue en Belgique. Je l'ai d\u00e9couverte gr\u00e2ce \u00e0 une blogueuse am\u00e9ricaine qui se rendait dans les coulisses des mannequins, o\u00f9 elles partageaient leurs vrais secrets de peau.<\/p>\n<p>Une chose ressort : ils prenaient tous du collag\u00e8ne.<\/p>\n<p>Et j'ai remarqu\u00e9 la m\u00eame chose chez moi. Ma peau est rest\u00e9e ferme et lisse, et les gens me demandaient souvent : \"Comment se fait-il que vous ayez l'air si jeune ?\".<\/p>\n<p>J'ai partag\u00e9 mon secret, mais je n'ai trouv\u00e9 nulle part un produit qui soit vraiment pur, transparent et d'une qualit\u00e9 suffisante pour mes propres exigences. J'ai donc d\u00e9cid\u00e9 de le fabriquer moi-m\u00eame.<\/p>\n\n\t\t<\/div>\n\t<\/div>\n<\/div><\/div><\/div><div class=\"wpb_column vc_column_container animation bottom-to-top vc_col-sm-12 vc_col-lg-4 et-dark-column\"><div class=\"vc_column-inner\"><div class=\"wpb_wrapper\">\n\t<div class=\"wpb_text_column wpb_content_element\" >\n\t\t<div class=\"wpb_wrapper\">\n\t\t\t<p>Du secret de peau personnel \u00e0 la marque belge de compl\u00e9ments alimentaires.<\/p>\n<p>Ce qui a commenc\u00e9 comme une habitude de beaut\u00e9 personnelle s'est transform\u00e9 en une mission : commercialiser un produit de collag\u00e8ne que je suis s\u00fbre de prendre moi-m\u00eame avec 100%.<\/p>\n<p>J'ai travaill\u00e9 avec un laboratoire belge pour mettre au point une formule qui :<\/p>\n<ul>\n<li>Fabriqu\u00e9 \u00e0 partir d'ingr\u00e9dients purs et de haute qualit\u00e9<\/li>\n<li>Hydrolys\u00e9 pour une absorption maximale<\/li>\n<li>Ne contient pas d'additifs inutiles<\/li>\n<li>Bas\u00e9 sur la science<\/li>\n<li>Production locale et \u00e9quitable<\/li>\n<\/ul>\n<p>Le r\u00e9sultat ?<\/p>\n<p>Une ligne de produits qui soutient la beaut\u00e9 de l'int\u00e9rieur, avec des r\u00e9sultats visibles et tangibles.<\/p>\n\n\t\t<\/div>\n\t<\/div>\n<\/div><\/div><\/div><\/div><div class=\"vc_empty_space\"   style=\"height: 25px\"><span class=\"vc_empty_space_inner\"><\/span><\/div><\/div><\/div><\/div><\/div><\/div><div  class=\"sec_row container\"><div class=\"vc_row wpb_row vc_row-fluid\"><div class=\"wpb_column vc_column_container vc_col-sm-12 et-dark-column\"><div class=\"vc_column-inner\"><div class=\"wpb_wrapper\"><div class=\"vc_separator wpb_content_element vc_separator_align_center vc_sep_width_100 vc_separator_no_text vc_sep_color_grey\" ><span class=\"vc_sep_holder vc_sep_holder_l\"><span  class=\"vc_sep_line\"><\/span><\/span><span class=\"vc_sep_holder vc_sep_holder_r\"><span  class=\"vc_sep_line\"><\/span><\/span>\n<\/div><div class=\"vc_empty_space\"   style=\"height: 50px\"><span class=\"vc_empty_space_inner\"><\/span><\/div><h2 style=\"color: #f3b7cc;text-align: center;font-family:Abril Fatface;font-weight:400;font-style:normal\" class=\"vc_custom_heading\" >INSTAGRAM<\/h2><div class=\"vc_empty_space\"   style=\"height: 20px\"><span class=\"vc_empty_space_inner\"><\/span><\/div><\/div><\/div><\/div><\/div><\/div><div  class=\"sec_row container\"><div class=\"vc_row wpb_row vc_row-fluid\"><div class=\"wpb_column vc_column_container vc_col-sm-12 et-dark-column\"><div class=\"vc_column-inner\"><div class=\"wpb_wrapper\">\n\t<div class=\"wpb_text_column wpb_content_element\" >\n\t\t<div class=\"wpb_wrapper\">\n\t\t\t\t\t<div id=\"sbi_mod_error\" >\n\t\t\t<span>Ce message d'erreur n'est visible que pour les administrateurs de WordPress<\/span><br\/>\n\t\t\t<p><strong>Erreur : Aucun compte connect\u00e9.<\/strong>\n\t\t\t<p>Veuillez vous rendre sur la page des param\u00e8tres du flux Instagram pour connecter un compte.<\/p>\n\t\t<\/div>\n\t\t\n\n\t\t<\/div>\n\t<\/div>\n<\/div><\/div><\/div><\/div><\/div><div  class=\"sec_row container\"><div class=\"vc_row wpb_row vc_row-fluid\"><div class=\"wpb_column vc_column_container vc_col-sm-12 et-dark-column\"><div class=\"vc_column-inner\"><div class=\"wpb_wrapper\"><div class=\"vc_empty_space\"   style=\"height: 50px\"><span class=\"vc_empty_space_inner\"><\/span><\/div><\/div><\/div><\/div><\/div><\/div><div  class=\"sec_row container\"><div class=\"vc_row wpb_row vc_row-fluid\"><div class=\"wpb_column vc_column_container vc_col-sm-12 et-dark-column\"><div class=\"vc_column-inner\"><div class=\"wpb_wrapper\"><\/div><\/div><\/div><\/div><\/div>","protected":false},"excerpt":{"rendered":"\"Het geheim van een mooie huid begint van binnenuit\" - Skin Secrets FOUNDER Ma\u00eft\u00e9 Van Zele Bij Skin Secrets draait alles om transparantie, kwaliteit en eenvoud. Geen hype, geen loze beloftes. Alleen producten die gebaseerd zijn op wetenschap \u00e9n jarenlang persoonlijk gebruik. Wij geloven dat echte schoonheid begint met wat&hellip;","protected":false},"author":1,"featured_media":0,"parent":0,"menu_order":0,"comment_status":"closed","ping_status":"closed","template":"","meta":{"footnotes":""},"class_list":["post-4140","page","type-page","status-publish","hentry"],"jetpack-related-posts":[],"jetpack_sharing_enabled":true,"_links":{"self":[{"href":"https:\/\/skinsecrets.be\/fr\/wp-json\/wp\/v2\/pages\/4140","targetHints":{"allow":["GET"]}}],"collection":[{"href":"https:\/\/skinsecrets.be\/fr\/wp-json\/wp\/v2\/pages"}],"about":[{"href":"https:\/\/skinsecrets.be\/fr\/wp-json\/wp\/v2\/types\/page"}],"author":[{"embeddable":true,"href":"https:\/\/skinsecrets.be\/fr\/wp-json\/wp\/v2\/users\/1"}],"replies":[{"embeddable":true,"href":"https:\/\/skinsecrets.be\/fr\/wp-json\/wp\/v2\/comments?post=4140"}],"version-history":[{"count":26,"href":"https:\/\/skinsecrets.be\/fr\/wp-json\/wp\/v2\/pages\/4140\/revisions"}],"predecessor-version":[{"id":10148,"href":"https:\/\/skinsecrets.be\/fr\/wp-json\/wp\/v2\/pages\/4140\/revisions\/10148"}],"wp:attachment":[{"href":"https:\/\/skinsecrets.be\/fr\/wp-json\/wp\/v2\/media?parent=4140"}],"curies":[{"name":"wp","href":"https:\/\/api.w.org\/{rel}","templated":true}]}}